{"id":3942,"date":"2022-06-24T09:49:10","date_gmt":"2022-06-24T09:49:10","guid":{"rendered":"https:\/\/www.lauraechristiangrado.it\/beach-bar\/"},"modified":"2022-07-11T16:03:19","modified_gmt":"2022-07-11T16:03:19","slug":"beach-bar","status":"publish","type":"page","link":"https:\/\/www.lauraechristiangrado.it\/de\/beach-bar\/","title":{"rendered":"Die Beach Bar"},"content":{"rendered":"\t\t<div data-elementor-type=\"wp-post\" data-elementor-id=\"3942\" class=\"elementor elementor-3942 elementor-3352\">\n\t\t\t\t\t\t<section class=\"elementor-section elementor-top-section elementor-element elementor-element-8a52f92 elementor-section-boxed elementor-section-height-default elementor-section-height-default\" data-id=\"8a52f92\" data-element_type=\"section\" data-e-type=\"section\" data-settings=\"{&quot;hoteller_ext_is_background_parallax&quot;:&quot;false&quot;,&quot;hoteller_ext_is_background_on_scroll&quot;:&quot;false&quot;}\">\n\t\t\t\t\t\t<div class=\"elementor-container elementor-column-gap-default\">\n\t\t\t\t\t<div class=\"elementor-column elementor-col-100 elementor-top-column elementor-element elementor-element-1b3cc5c\" data-id=\"1b3cc5c\" data-element_type=\"column\" data-e-type=\"column\" data-settings=\"{&quot;hoteller_ext_link_sidemenu&quot;:&quot;false&quot;,&quot;hoteller_ext_link_fullmenu&quot;:&quot;false&quot;,&quot;hoteller_ext_is_scrollme&quot;:&quot;false&quot;,&quot;hoteller_ext_is_smoove&quot;:&quot;false&quot;,&quot;hoteller_ext_is_parallax_mouse&quot;:&quot;false&quot;,&quot;hoteller_ext_is_infinite&quot;:&quot;false&quot;,&quot;hoteller_ext_is_fadeout_animation&quot;:&quot;false&quot;}\">\n\t\t\t<div class=\"elementor-widget-wrap elementor-element-populated\">\n\t\t\t\t\t\t<div class=\"elementor-element elementor-element-44e31d8 elementor-invisible elementor-widget elementor-widget-heading\" data-id=\"44e31d8\" data-element_type=\"widget\" data-e-type=\"widget\" data-settings=\"{&quot;_animation&quot;:&quot;fadeInUp&quot;,&quot;hoteller_ext_link_sidemenu&quot;:&quot;false&quot;,&quot;hoteller_ext_link_fullmenu&quot;:&quot;false&quot;,&quot;hoteller_ext_is_scrollme&quot;:&quot;false&quot;,&quot;hoteller_ext_is_smoove&quot;:&quot;false&quot;,&quot;hoteller_ext_is_parallax_mouse&quot;:&quot;false&quot;,&quot;hoteller_ext_is_infinite&quot;:&quot;false&quot;,&quot;hoteller_ext_is_fadeout_animation&quot;:&quot;false&quot;}\" data-widget_type=\"heading.default\">\n\t\t\t\t<div class=\"elementor-widget-container\">\n\t\t\t\t\t<h1 class=\"elementor-heading-title elementor-size-default\">Der Strandkiosk \u201cAl Faro\u201d<\/h1>\t\t\t\t<\/div>\n\t\t\t\t<\/div>\n\t\t\t\t<div class=\"elementor-element elementor-element-5957f8a elementor-invisible elementor-widget elementor-widget-text-editor\" data-id=\"5957f8a\" data-element_type=\"widget\" data-e-type=\"widget\" data-settings=\"{&quot;_animation&quot;:&quot;fadeInUp&quot;,&quot;_animation_delay&quot;:400,&quot;hoteller_ext_link_sidemenu&quot;:&quot;false&quot;,&quot;hoteller_ext_link_fullmenu&quot;:&quot;false&quot;,&quot;hoteller_ext_is_scrollme&quot;:&quot;false&quot;,&quot;hoteller_ext_is_smoove&quot;:&quot;false&quot;,&quot;hoteller_ext_is_parallax_mouse&quot;:&quot;false&quot;,&quot;hoteller_ext_is_infinite&quot;:&quot;false&quot;,&quot;hoteller_ext_is_fadeout_animation&quot;:&quot;false&quot;}\" data-widget_type=\"text-editor.default\">\n\t\t\t\t<div class=\"elementor-widget-container\">\n\t\t\t\t\t\t\t\t\t<p class=\"p1\">F\u00fcr einen Aperitif bei Sonnenuntergang am Meer, ein gesundes Fr\u00fchst\u00fcck mit frisch gepressten S\u00e4ften und Teespezialit\u00e4ten oder ein leichtes Mittagessen am Strand.<\/p><p class=\"p1\">Sie finden uns am Anfang der Promenade an der Costa Azzurra Strand.<\/p>\t\t\t\t\t\t\t\t<\/div>\n\t\t\t\t<\/div>\n\t\t\t\t\t<\/div>\n\t\t<\/div>\n\t\t\t\t\t<\/div>\n\t\t<\/section>\n\t\t\t\t<section class=\"elementor-section elementor-top-section elementor-element elementor-element-34b634c elementor-section-stretched elementor-section-full_width elementor-section-height-default elementor-section-height-default\" data-id=\"34b634c\" data-element_type=\"section\" data-e-type=\"section\" data-settings=\"{&quot;stretch_section&quot;:&quot;section-stretched&quot;,&quot;hoteller_ext_is_background_parallax&quot;:&quot;false&quot;,&quot;hoteller_ext_is_background_on_scroll&quot;:&quot;false&quot;}\">\n\t\t\t\t\t\t<div class=\"elementor-container elementor-column-gap-default\">\n\t\t\t\t\t<div class=\"elementor-column elementor-col-100 elementor-top-column elementor-element elementor-element-11ce659\" data-id=\"11ce659\" data-element_type=\"column\" data-e-type=\"column\" data-settings=\"{&quot;hoteller_ext_link_sidemenu&quot;:&quot;false&quot;,&quot;hoteller_ext_link_fullmenu&quot;:&quot;false&quot;,&quot;hoteller_ext_is_scrollme&quot;:&quot;false&quot;,&quot;hoteller_ext_is_smoove&quot;:&quot;false&quot;,&quot;hoteller_ext_is_parallax_mouse&quot;:&quot;false&quot;,&quot;hoteller_ext_is_infinite&quot;:&quot;false&quot;,&quot;hoteller_ext_is_fadeout_animation&quot;:&quot;false&quot;}\">\n\t\t\t<div class=\"elementor-widget-wrap elementor-element-populated\">\n\t\t\t\t\t\t<div class=\"elementor-element elementor-element-646823e elementor-invisible elementor-widget elementor-widget-hoteller-gallery-horizontal\" data-id=\"646823e\" data-element_type=\"widget\" data-e-type=\"widget\" data-settings=\"{&quot;_animation&quot;:&quot;fadeInRight&quot;,&quot;hoteller_ext_link_sidemenu&quot;:&quot;false&quot;,&quot;hoteller_ext_link_fullmenu&quot;:&quot;false&quot;,&quot;hoteller_ext_is_scrollme&quot;:&quot;false&quot;,&quot;hoteller_ext_is_smoove&quot;:&quot;false&quot;,&quot;hoteller_ext_is_parallax_mouse&quot;:&quot;false&quot;,&quot;hoteller_ext_is_infinite&quot;:&quot;false&quot;,&quot;hoteller_ext_is_fadeout_animation&quot;:&quot;false&quot;}\" data-widget_type=\"hoteller-gallery-horizontal.default\">\n\t\t\t\t<div class=\"elementor-widget-container\">\n\t\t\t\t\t<div class=\"tg_horizontal_gallery_wrapper\" data-autoplay=\"8000\" data-loop=\"1\" data-navigation=\"1\" data-pagination=\"0\" data-parallax=\"0\" data-fullscreen=\"0\">\n\t\t<div class=\"tg_horizontal_gallery_cell\" style=\"margin-right:10px\">\n\t\t\t\t\t\t<img class=\"tg_horizontal_gallery_cell_img\" data-flickity-lazyload=\"https:\/\/www.lauraechristiangrado.it\/wp-content\/uploads\/2022\/06\/beach-bar-1024x683.jpg\" alt=\"\" style=\"height:480px;\" \/>\n\t\t\t\t\t<\/div>\n\t\t<div class=\"tg_horizontal_gallery_cell\" style=\"margin-right:10px\">\n\t\t\t\t\t\t<img class=\"tg_horizontal_gallery_cell_img\" data-flickity-lazyload=\"https:\/\/www.lauraechristiangrado.it\/wp-content\/uploads\/2022\/06\/beach-bar1-1024x683.jpg\" alt=\"\" style=\"height:480px;\" \/>\n\t\t\t\t\t<\/div>\n\t\t<div class=\"tg_horizontal_gallery_cell\" style=\"margin-right:10px\">\n\t\t\t\t\t\t<img class=\"tg_horizontal_gallery_cell_img\" data-flickity-lazyload=\"https:\/\/www.lauraechristiangrado.it\/wp-content\/uploads\/2022\/06\/beach-bar2-1024x683.jpg\" alt=\"\" style=\"height:480px;\" \/>\n\t\t\t\t\t<\/div>\n\t\t<div class=\"tg_horizontal_gallery_cell\" style=\"margin-right:10px\">\n\t\t\t\t\t\t<img class=\"tg_horizontal_gallery_cell_img\" data-flickity-lazyload=\"https:\/\/www.lauraechristiangrado.it\/wp-content\/uploads\/2022\/06\/beach-bar3-683x1024.jpg\" alt=\"\" style=\"height:480px;\" \/>\n\t\t\t\t\t<\/div>\n\t\t<div class=\"tg_horizontal_gallery_cell\" style=\"margin-right:10px\">\n\t\t\t\t\t\t<img class=\"tg_horizontal_gallery_cell_img\" data-flickity-lazyload=\"https:\/\/www.lauraechristiangrado.it\/wp-content\/uploads\/2022\/06\/beach-bar4-1024x683.jpg\" alt=\"\" style=\"height:480px;\" \/>\n\t\t\t\t\t<\/div>\n\t\t<div class=\"tg_horizontal_gallery_cell\" style=\"margin-right:10px\">\n\t\t\t\t\t\t<img class=\"tg_horizontal_gallery_cell_img\" data-flickity-lazyload=\"https:\/\/www.lauraechristiangrado.it\/wp-content\/uploads\/2022\/06\/beach-bar5-1024x682.jpg\" alt=\"\" style=\"height:480px;\" \/>\n\t\t\t\t\t<\/div>\n\t\t<div class=\"tg_horizontal_gallery_cell\" style=\"margin-right:10px\">\n\t\t\t\t\t\t<img class=\"tg_horizontal_gallery_cell_img\" data-flickity-lazyload=\"https:\/\/www.lauraechristiangrado.it\/wp-content\/uploads\/2022\/06\/beach-bar6-1024x682.jpg\" alt=\"\" style=\"height:480px;\" \/>\n\t\t\t\t\t<\/div>\n\t\t<div class=\"tg_horizontal_gallery_cell\" style=\"margin-right:10px\">\n\t\t\t\t\t\t<img class=\"tg_horizontal_gallery_cell_img\" data-flickity-lazyload=\"https:\/\/www.lauraechristiangrado.it\/wp-content\/uploads\/2022\/06\/beach-bar7-1024x683.jpg\" alt=\"\" style=\"height:480px;\" \/>\n\t\t\t\t\t<\/div>\n<\/div>\n\t\t\t\t<\/div>\n\t\t\t\t<\/div>\n\t\t\t\t\t<\/div>\n\t\t<\/div>\n\t\t\t\t\t<\/div>\n\t\t<\/section>\n\t\t\t\t<section class=\"elementor-section elementor-top-section elementor-element elementor-element-a1ce952 elementor-section-stretched elementor-section-height-min-height elementor-section-boxed elementor-section-height-default elementor-section-items-middle\" data-id=\"a1ce952\" data-element_type=\"section\" data-e-type=\"section\" data-settings=\"{&quot;stretch_section&quot;:&quot;section-stretched&quot;,&quot;background_background&quot;:&quot;classic&quot;,&quot;shape_divider_bottom&quot;:&quot;waves&quot;,&quot;hoteller_ext_is_background_parallax&quot;:&quot;false&quot;,&quot;hoteller_ext_is_background_on_scroll&quot;:&quot;false&quot;}\">\n\t\t\t\t\t<div class=\"elementor-shape elementor-shape-bottom\" aria-hidden=\"true\" data-negative=\"false\">\n\t\t\t<svg xmlns=\"http:\/\/www.w3.org\/2000\/svg\" viewBox=\"0 0 1000 100\" preserveAspectRatio=\"none\">\n\t<path class=\"elementor-shape-fill\" d=\"M421.9,6.5c22.6-2.5,51.5,0.4,75.5,5.3c23.6,4.9,70.9,23.5,100.5,35.7c75.8,32.2,133.7,44.5,192.6,49.7\n\tc23.6,2.1,48.7,3.5,103.4-2.5c54.7-6,106.2-25.6,106.2-25.6V0H0v30.3c0,0,72,32.6,158.4,30.5c39.2-0.7,92.8-6.7,134-22.4\n\tc21.2-8.1,52.2-18.2,79.7-24.2C399.3,7.9,411.6,7.5,421.9,6.5z\"\/>\n<\/svg>\t\t<\/div>\n\t\t\t\t\t<div class=\"elementor-container elementor-column-gap-default\">\n\t\t\t\t\t<div class=\"elementor-column elementor-col-100 elementor-top-column elementor-element elementor-element-4ae961d\" data-id=\"4ae961d\" data-element_type=\"column\" data-e-type=\"column\" data-settings=\"{&quot;hoteller_ext_link_sidemenu&quot;:&quot;false&quot;,&quot;hoteller_ext_link_fullmenu&quot;:&quot;false&quot;,&quot;hoteller_ext_is_scrollme&quot;:&quot;false&quot;,&quot;hoteller_ext_is_smoove&quot;:&quot;false&quot;,&quot;hoteller_ext_is_parallax_mouse&quot;:&quot;false&quot;,&quot;hoteller_ext_is_infinite&quot;:&quot;false&quot;,&quot;hoteller_ext_is_fadeout_animation&quot;:&quot;false&quot;}\">\n\t\t\t<div class=\"elementor-widget-wrap\">\n\t\t\t\t\t\t\t<\/div>\n\t\t<\/div>\n\t\t\t\t\t<\/div>\n\t\t<\/section>\n\t\t\t\t<\/div>\n\t\t","protected":false},"excerpt":{"rendered":"<p>Der Strandkiosk \u201cAl Faro\u201d F\u00fcr einen Aperitif bei Sonnenuntergang am Meer, ein gesundes Fr\u00fchst\u00fcck mit frisch gepressten S\u00e4ften und Teespezialit\u00e4ten oder ein leichtes Mittagessen am Strand. Sie finden uns am Anfang der Promenade an der Costa Azzurra Strand.<\/p>\n","protected":false},"author":1,"featured_media":0,"parent":0,"menu_order":0,"comment_status":"closed","ping_status":"closed","template":"","meta":{"_joinchat":[],"footnotes":""},"class_list":["post-3942","page","type-page","status-publish","hentry"],"yoast_head":"<!-- This site is optimized with the Yoast SEO plugin v27.4 - https:\/\/yoast.com\/product\/yoast-seo-wordpress\/ -->\n<title>Die Beach Bar - Laura &amp; Christian B&amp;B Grado Affitta Camere<\/title>\n<meta name=\"robots\" content=\"index, follow, max-snippet:-1, max-image-preview:large, max-video-preview:-1\" \/>\n<link rel=\"canonical\" href=\"https:\/\/www.lauraechristiangrado.it\/de\/beach-bar\/\" \/>\n<meta property=\"og:locale\" content=\"de_DE\" \/>\n<meta property=\"og:type\" content=\"article\" \/>\n<meta property=\"og:title\" content=\"Die Beach Bar - Laura &amp; Christian B&amp;B Grado Affitta Camere\" \/>\n<meta property=\"og:description\" content=\"Der Strandkiosk \u201cAl Faro\u201d F\u00fcr einen Aperitif bei Sonnenuntergang am Meer, ein gesundes Fr\u00fchst\u00fcck mit frisch gepressten S\u00e4ften und Teespezialit\u00e4ten oder ein leichtes Mittagessen am Strand. Sie finden uns am Anfang der Promenade an der Costa Azzurra Strand.\" \/>\n<meta property=\"og:url\" content=\"https:\/\/www.lauraechristiangrado.it\/de\/beach-bar\/\" \/>\n<meta property=\"og:site_name\" content=\"Laura &amp; Christian B&amp;B Grado Affitta Camere\" \/>\n<meta property=\"article:modified_time\" content=\"2022-07-11T16:03:19+00:00\" \/>\n<meta name=\"twitter:card\" content=\"summary_large_image\" \/>\n<script type=\"application\/ld+json\" class=\"yoast-schema-graph\">{\"@context\":\"https:\\\/\\\/schema.org\",\"@graph\":[{\"@type\":\"WebPage\",\"@id\":\"https:\\\/\\\/www.lauraechristiangrado.it\\\/de\\\/beach-bar\\\/\",\"url\":\"https:\\\/\\\/www.lauraechristiangrado.it\\\/de\\\/beach-bar\\\/\",\"name\":\"Die Beach Bar - Laura &amp; Christian B&amp;B Grado Affitta Camere\",\"isPartOf\":{\"@id\":\"https:\\\/\\\/www.lauraechristiangrado.it\\\/#website\"},\"datePublished\":\"2022-06-24T09:49:10+00:00\",\"dateModified\":\"2022-07-11T16:03:19+00:00\",\"breadcrumb\":{\"@id\":\"https:\\\/\\\/www.lauraechristiangrado.it\\\/de\\\/beach-bar\\\/#breadcrumb\"},\"inLanguage\":\"de\",\"potentialAction\":[{\"@type\":\"ReadAction\",\"target\":[\"https:\\\/\\\/www.lauraechristiangrado.it\\\/de\\\/beach-bar\\\/\"]}]},{\"@type\":\"BreadcrumbList\",\"@id\":\"https:\\\/\\\/www.lauraechristiangrado.it\\\/de\\\/beach-bar\\\/#breadcrumb\",\"itemListElement\":[{\"@type\":\"ListItem\",\"position\":1,\"name\":\"Home\",\"item\":\"https:\\\/\\\/www.lauraechristiangrado.it\\\/\"},{\"@type\":\"ListItem\",\"position\":2,\"name\":\"Die Beach Bar\"}]},{\"@type\":\"WebSite\",\"@id\":\"https:\\\/\\\/www.lauraechristiangrado.it\\\/#website\",\"url\":\"https:\\\/\\\/www.lauraechristiangrado.it\\\/\",\"name\":\"Laura &amp; Christian B&amp;B Grado Affitta Camere\",\"description\":\"\",\"publisher\":{\"@id\":\"https:\\\/\\\/www.lauraechristiangrado.it\\\/#organization\"},\"potentialAction\":[{\"@type\":\"SearchAction\",\"target\":{\"@type\":\"EntryPoint\",\"urlTemplate\":\"https:\\\/\\\/www.lauraechristiangrado.it\\\/?s={search_term_string}\"},\"query-input\":{\"@type\":\"PropertyValueSpecification\",\"valueRequired\":true,\"valueName\":\"search_term_string\"}}],\"inLanguage\":\"de\"},{\"@type\":\"Organization\",\"@id\":\"https:\\\/\\\/www.lauraechristiangrado.it\\\/#organization\",\"name\":\"Laura & Christian B&B Grado Affitta Camere\",\"url\":\"https:\\\/\\\/www.lauraechristiangrado.it\\\/\",\"logo\":{\"@type\":\"ImageObject\",\"inLanguage\":\"de\",\"@id\":\"https:\\\/\\\/www.lauraechristiangrado.it\\\/#\\\/schema\\\/logo\\\/image\\\/\",\"url\":\"https:\\\/\\\/www.lauraechristiangrado.it\\\/wp-content\\\/uploads\\\/2022\\\/05\\\/camera-patrizia.jpg\",\"contentUrl\":\"https:\\\/\\\/www.lauraechristiangrado.it\\\/wp-content\\\/uploads\\\/2022\\\/05\\\/camera-patrizia.jpg\",\"width\":1920,\"height\":1280,\"caption\":\"Laura & Christian B&B Grado Affitta Camere\"},\"image\":{\"@id\":\"https:\\\/\\\/www.lauraechristiangrado.it\\\/#\\\/schema\\\/logo\\\/image\\\/\"}}]}<\/script>\n<!-- \/ Yoast SEO plugin. -->","yoast_head_json":{"title":"Die Beach Bar - Laura &amp; Christian B&amp;B Grado Affitta Camere","robots":{"index":"index","follow":"follow","max-snippet":"max-snippet:-1","max-image-preview":"max-image-preview:large","max-video-preview":"max-video-preview:-1"},"canonical":"https:\/\/www.lauraechristiangrado.it\/de\/beach-bar\/","og_locale":"de_DE","og_type":"article","og_title":"Die Beach Bar - Laura &amp; Christian B&amp;B Grado Affitta Camere","og_description":"Der Strandkiosk \u201cAl Faro\u201d F\u00fcr einen Aperitif bei Sonnenuntergang am Meer, ein gesundes Fr\u00fchst\u00fcck mit frisch gepressten S\u00e4ften und Teespezialit\u00e4ten oder ein leichtes Mittagessen am Strand. Sie finden uns am Anfang der Promenade an der Costa Azzurra Strand.","og_url":"https:\/\/www.lauraechristiangrado.it\/de\/beach-bar\/","og_site_name":"Laura &amp; Christian B&amp;B Grado Affitta Camere","article_modified_time":"2022-07-11T16:03:19+00:00","twitter_card":"summary_large_image","schema":{"@context":"https:\/\/schema.org","@graph":[{"@type":"WebPage","@id":"https:\/\/www.lauraechristiangrado.it\/de\/beach-bar\/","url":"https:\/\/www.lauraechristiangrado.it\/de\/beach-bar\/","name":"Die Beach Bar - Laura &amp; Christian B&amp;B Grado Affitta Camere","isPartOf":{"@id":"https:\/\/www.lauraechristiangrado.it\/#website"},"datePublished":"2022-06-24T09:49:10+00:00","dateModified":"2022-07-11T16:03:19+00:00","breadcrumb":{"@id":"https:\/\/www.lauraechristiangrado.it\/de\/beach-bar\/#breadcrumb"},"inLanguage":"de","potentialAction":[{"@type":"ReadAction","target":["https:\/\/www.lauraechristiangrado.it\/de\/beach-bar\/"]}]},{"@type":"BreadcrumbList","@id":"https:\/\/www.lauraechristiangrado.it\/de\/beach-bar\/#breadcrumb","itemListElement":[{"@type":"ListItem","position":1,"name":"Home","item":"https:\/\/www.lauraechristiangrado.it\/"},{"@type":"ListItem","position":2,"name":"Die Beach Bar"}]},{"@type":"WebSite","@id":"https:\/\/www.lauraechristiangrado.it\/#website","url":"https:\/\/www.lauraechristiangrado.it\/","name":"Laura &amp; Christian B&amp;B Grado Affitta Camere","description":"","publisher":{"@id":"https:\/\/www.lauraechristiangrado.it\/#organization"},"potentialAction":[{"@type":"SearchAction","target":{"@type":"EntryPoint","urlTemplate":"https:\/\/www.lauraechristiangrado.it\/?s={search_term_string}"},"query-input":{"@type":"PropertyValueSpecification","valueRequired":true,"valueName":"search_term_string"}}],"inLanguage":"de"},{"@type":"Organization","@id":"https:\/\/www.lauraechristiangrado.it\/#organization","name":"Laura & Christian B&B Grado Affitta Camere","url":"https:\/\/www.lauraechristiangrado.it\/","logo":{"@type":"ImageObject","inLanguage":"de","@id":"https:\/\/www.lauraechristiangrado.it\/#\/schema\/logo\/image\/","url":"https:\/\/www.lauraechristiangrado.it\/wp-content\/uploads\/2022\/05\/camera-patrizia.jpg","contentUrl":"https:\/\/www.lauraechristiangrado.it\/wp-content\/uploads\/2022\/05\/camera-patrizia.jpg","width":1920,"height":1280,"caption":"Laura & Christian B&B Grado Affitta Camere"},"image":{"@id":"https:\/\/www.lauraechristiangrado.it\/#\/schema\/logo\/image\/"}}]}},"_links":{"self":[{"href":"https:\/\/www.lauraechristiangrado.it\/de\/wp-json\/wp\/v2\/pages\/3942","targetHints":{"allow":["GET"]}}],"collection":[{"href":"https:\/\/www.lauraechristiangrado.it\/de\/wp-json\/wp\/v2\/pages"}],"about":[{"href":"https:\/\/www.lauraechristiangrado.it\/de\/wp-json\/wp\/v2\/types\/page"}],"author":[{"embeddable":true,"href":"https:\/\/www.lauraechristiangrado.it\/de\/wp-json\/wp\/v2\/users\/1"}],"replies":[{"embeddable":true,"href":"https:\/\/www.lauraechristiangrado.it\/de\/wp-json\/wp\/v2\/comments?post=3942"}],"version-history":[{"count":5,"href":"https:\/\/www.lauraechristiangrado.it\/de\/wp-json\/wp\/v2\/pages\/3942\/revisions"}],"predecessor-version":[{"id":3962,"href":"https:\/\/www.lauraechristiangrado.it\/de\/wp-json\/wp\/v2\/pages\/3942\/revisions\/3962"}],"wp:attachment":[{"href":"https:\/\/www.lauraechristiangrado.it\/de\/wp-json\/wp\/v2\/media?parent=3942"}],"curies":[{"name":"wp","href":"https:\/\/api.w.org\/{rel}","templated":true}]}}